{"id":343,"date":"2024-07-18T04:54:17","date_gmt":"2024-07-18T04:54:17","guid":{"rendered":"https:\/\/dropstyle.fr\/?page_id=343"},"modified":"2026-04-17T09:53:21","modified_gmt":"2026-04-17T07:53:21","slug":"contact-page","status":"publish","type":"page","link":"https:\/\/dropstyle.fr\/index.php\/contact-page\/","title":{"rendered":"Contact"},"content":{"rendered":"\t\t<div data-elementor-type=\"wp-page\" data-elementor-id=\"343\" class=\"elementor elementor-343\">\n\t\t\t\t\t\t<section class=\"elementor-section elementor-top-section elementor-element elementor-element-01a7e53 elementor-section-boxed elementor-section-height-default elementor-section-height-default\" data-id=\"01a7e53\" data-element_type=\"section\" data-settings=\"{&quot;wdt_bg_image&quot;:{&quot;url&quot;:&quot;&quot;,&quot;id&quot;:&quot;&quot;,&quot;size&quot;:&quot;&quot;},&quot;wdt_bg_image_laptop&quot;:{&quot;url&quot;:&quot;&quot;,&quot;id&quot;:&quot;&quot;,&quot;size&quot;:&quot;&quot;},&quot;wdt_bg_image_tablet_extra&quot;:{&quot;url&quot;:&quot;&quot;,&quot;id&quot;:&quot;&quot;,&quot;size&quot;:&quot;&quot;},&quot;wdt_bg_image_tablet&quot;:{&quot;url&quot;:&quot;&quot;,&quot;id&quot;:&quot;&quot;,&quot;size&quot;:&quot;&quot;},&quot;wdt_bg_image_mobile_extra&quot;:{&quot;url&quot;:&quot;&quot;,&quot;id&quot;:&quot;&quot;,&quot;size&quot;:&quot;&quot;},&quot;wdt_bg_image_mobile&quot;:{&quot;url&quot;:&quot;&quot;,&quot;id&quot;:&quot;&quot;,&quot;size&quot;:&quot;&quot;},&quot;wdt_bg_position&quot;:&quot;center center&quot;,&quot;wdt_animation_effect&quot;:&quot;none&quot;}\">\n\t\t\t\t\t\t<div class=\"elementor-container elementor-column-gap-default\">\n\t\t\t\t\t<div class=\"elementor-column elementor-col-100 elementor-top-column elementor-element elementor-element-062e627\" data-id=\"062e627\" data-element_type=\"column\">\n\t\t\t<div class=\"elementor-widget-wrap elementor-element-populated\">\n\t\t\t\t\t\t<section class=\"elementor-section elementor-inner-section elementor-element elementor-element-415b9cd elementor-section-full_width elementor-section-height-default elementor-section-height-default\" data-id=\"415b9cd\" data-element_type=\"section\" data-settings=\"{&quot;background_background&quot;:&quot;classic&quot;,&quot;wdt_bg_image&quot;:{&quot;url&quot;:&quot;&quot;,&quot;id&quot;:&quot;&quot;,&quot;size&quot;:&quot;&quot;},&quot;wdt_bg_image_laptop&quot;:{&quot;url&quot;:&quot;&quot;,&quot;id&quot;:&quot;&quot;,&quot;size&quot;:&quot;&quot;},&quot;wdt_bg_image_tablet_extra&quot;:{&quot;url&quot;:&quot;&quot;,&quot;id&quot;:&quot;&quot;,&quot;size&quot;:&quot;&quot;},&quot;wdt_bg_image_tablet&quot;:{&quot;url&quot;:&quot;&quot;,&quot;id&quot;:&quot;&quot;,&quot;size&quot;:&quot;&quot;},&quot;wdt_bg_image_mobile_extra&quot;:{&quot;url&quot;:&quot;&quot;,&quot;id&quot;:&quot;&quot;,&quot;size&quot;:&quot;&quot;},&quot;wdt_bg_image_mobile&quot;:{&quot;url&quot;:&quot;&quot;,&quot;id&quot;:&quot;&quot;,&quot;size&quot;:&quot;&quot;},&quot;wdt_bg_position&quot;:&quot;center center&quot;,&quot;wdt_animation_effect&quot;:&quot;none&quot;}\">\n\t\t\t\t\t\t<div class=\"elementor-container elementor-column-gap-no\">\n\t\t\t\t\t<div class=\"elementor-column elementor-col-50 elementor-inner-column elementor-element elementor-element-0210549\" data-id=\"0210549\" data-element_type=\"column\">\n\t\t\t<div class=\"elementor-widget-wrap elementor-element-populated\">\n\t\t\t\t\t\t<div class=\"elementor-element elementor-element-25e2c24 elementor-widget elementor-widget-text-editor\" data-id=\"25e2c24\" data-element_type=\"widget\" data-settings=\"{&quot;wdt_animation_effect&quot;:&quot;none&quot;}\" data-widget_type=\"text-editor.default\">\n\t\t\t\t<div class=\"elementor-widget-container\">\n\t\t\t\t\t\t\t\t\t<h1><span style=\"color: #000000;\">Parlons de <span style=\"color: #ff6600;\">votre projet<\/span><\/span><\/h1>\t\t\t\t\t\t\t\t<\/div>\n\t\t\t\t<\/div>\n\t\t\t\t<div class=\"elementor-element elementor-element-21d4107 wdt-head-capitalize elementor-widget__width-initial elementor-invisible elementor-widget elementor-widget-wdt-heading\" data-id=\"21d4107\" data-element_type=\"widget\" data-settings=\"{&quot;_animation&quot;:&quot;fadeInLeft&quot;,&quot;_animation_delay&quot;:&quot;100&quot;,&quot;split_heading&quot;:&quot;true&quot;,&quot;wdt_enable_inview_status&quot;:&quot;true&quot;,&quot;title_vertical_align&quot;:&quot;center&quot;,&quot;subtitle_vertical_align&quot;:&quot;center&quot;,&quot;wdt_animation_effect&quot;:&quot;none&quot;}\" data-widget_type=\"wdt-heading.default\">\n\t\t\t\t<div class=\"elementor-widget-container\">\n\t\t\t\t\t<div class=\"wdt-heading-holder \" id=\"wdt-heading-21d4107\"><div class=\"wdt-heading-content-wrapper\">Une id\u00e9e, un besoin ou un projet en t\u00eate ? Notre \u00e9quipe vous accompagne pour donner vie \u00e0 une communication \u00e0 votre image.\n<Br> <Br>\n- R\u00e9actifs<Br>\n- \u00c0 l\u2019\u00e9coute<Br>\n- Solutions sur-mesure<Br><Br>\n<\/div><\/div>\t\t\t\t<\/div>\n\t\t\t\t<\/div>\n\t\t\t\t<div class=\"elementor-element elementor-element-8cdf5fe elementor-widget elementor-widget-text-editor\" data-id=\"8cdf5fe\" data-element_type=\"widget\" data-settings=\"{&quot;wdt_animation_effect&quot;:&quot;none&quot;}\" data-widget_type=\"text-editor.default\">\n\t\t\t\t<div class=\"elementor-widget-container\">\n\t\t\t\t\t\t\t\t\t<h6><a href=\"#ContactForm\"><span style=\"color: #000000;\">\ud83d\udc49 Remplissez le formulaire ou contactez-nous directement.<\/span><\/a><\/h6>\t\t\t\t\t\t\t\t<\/div>\n\t\t\t\t<\/div>\n\t\t\t\t<div class=\"elementor-element elementor-element-51b5034 elementor-widget elementor-widget-image\" data-id=\"51b5034\" data-element_type=\"widget\" data-settings=\"{&quot;wdt_animation_effect&quot;:&quot;none&quot;}\" data-widget_type=\"image.default\">\n\t\t\t\t<div class=\"elementor-widget-container\">\n\t\t\t\t\t\t\t\t\t\t\t\t\t\t\t<img fetchpriority=\"high\" decoding=\"async\" width=\"1024\" height=\"683\" src=\"https:\/\/dropstyle.fr\/wp-content\/uploads\/2026\/04\/formulaire-1024x683.webp\" class=\"attachment-large size-large wp-image-3331\" alt=\"\" srcset=\"https:\/\/dropstyle.fr\/wp-content\/uploads\/2026\/04\/formulaire-1024x683.webp 1024w, https:\/\/dropstyle.fr\/wp-content\/uploads\/2026\/04\/formulaire-300x200.webp 300w, https:\/\/dropstyle.fr\/wp-content\/uploads\/2026\/04\/formulaire-768x512.webp 768w, https:\/\/dropstyle.fr\/wp-content\/uploads\/2026\/04\/formulaire.webp 1080w\" sizes=\"(max-width: 1024px) 100vw, 1024px\" \/>\t\t\t\t\t\t\t\t\t\t\t\t\t\t\t<\/div>\n\t\t\t\t<\/div>\n\t\t\t\t\t<\/div>\n\t\t<\/div>\n\t\t\t\t<div class=\"elementor-column elementor-col-50 elementor-inner-column elementor-element elementor-element-babdb83\" data-id=\"babdb83\" data-element_type=\"column\">\n\t\t\t<div class=\"elementor-widget-wrap elementor-element-populated\">\n\t\t\t\t\t\t<div class=\"elementor-element elementor-element-8e658ed elementor-widget elementor-widget-image\" data-id=\"8e658ed\" data-element_type=\"widget\" data-settings=\"{&quot;wdt_animation_effect&quot;:&quot;none&quot;}\" data-widget_type=\"image.default\">\n\t\t\t\t<div class=\"elementor-widget-container\">\n\t\t\t\t\t\t\t\t\t\t\t\t\t\t\t<img decoding=\"async\" width=\"1024\" height=\"731\" src=\"https:\/\/dropstyle.fr\/wp-content\/uploads\/2026\/04\/Accompagnement_mika2-1024x731.webp\" class=\"attachment-large size-large wp-image-3611\" alt=\"\" srcset=\"https:\/\/dropstyle.fr\/wp-content\/uploads\/2026\/04\/Accompagnement_mika2-1024x731.webp 1024w, https:\/\/dropstyle.fr\/wp-content\/uploads\/2026\/04\/Accompagnement_mika2-300x214.webp 300w, https:\/\/dropstyle.fr\/wp-content\/uploads\/2026\/04\/Accompagnement_mika2-768x548.webp 768w, https:\/\/dropstyle.fr\/wp-content\/uploads\/2026\/04\/Accompagnement_mika2-1536x1096.webp 1536w, https:\/\/dropstyle.fr\/wp-content\/uploads\/2026\/04\/Accompagnement_mika2.webp 2048w\" sizes=\"(max-width: 1024px) 100vw, 1024px\" \/>\t\t\t\t\t\t\t\t\t\t\t\t\t\t\t<\/div>\n\t\t\t\t<\/div>\n\t\t\t\t<div class=\"elementor-element elementor-element-6c03ec4 elementor-widget elementor-widget-text-editor\" data-id=\"6c03ec4\" data-element_type=\"widget\" data-settings=\"{&quot;wdt_animation_effect&quot;:&quot;none&quot;}\" data-widget_type=\"text-editor.default\">\n\t\t\t\t<div class=\"elementor-widget-container\">\n\t\t\t\t\t\t\t\t\t<h1><span style=\"color: #000000;\"><strong data-start=\"1563\" data-end=\"1592\">Pourquoi <span style=\"color: #ff6600;\">nous contacter ?<\/span><\/strong><\/span><\/h1>\t\t\t\t\t\t\t\t<\/div>\n\t\t\t\t<\/div>\n\t\t\t\t<div class=\"elementor-element elementor-element-11ec88b wdt-head-capitalize elementor-widget__width-initial elementor-invisible elementor-widget elementor-widget-wdt-heading\" data-id=\"11ec88b\" data-element_type=\"widget\" data-settings=\"{&quot;_animation&quot;:&quot;fadeInLeft&quot;,&quot;_animation_delay&quot;:&quot;100&quot;,&quot;split_heading&quot;:&quot;true&quot;,&quot;wdt_enable_inview_status&quot;:&quot;true&quot;,&quot;title_vertical_align&quot;:&quot;center&quot;,&quot;subtitle_vertical_align&quot;:&quot;center&quot;,&quot;wdt_animation_effect&quot;:&quot;none&quot;}\" data-widget_type=\"wdt-heading.default\">\n\t\t\t\t<div class=\"elementor-widget-container\">\n\t\t\t\t\t<div class=\"wdt-heading-holder \" id=\"wdt-heading-11ec88b\"><div class=\"wdt-heading-content-wrapper\">Chez DropStyle, chaque projet est \u00e9tudi\u00e9 avec attention pour vous proposer des solutions adapt\u00e9es, efficaces et durables. <Br><Br>\n\n- Un accompagnement personnalis\u00e9<br>\n- Un studio graphique int\u00e9gr\u00e9<br>\n- Une expertise technique ma\u00eetris\u00e9e<br>\n- Un suivi de A \u00e0 Z<br><br>\n\n<\/div><\/div>\t\t\t\t<\/div>\n\t\t\t\t<\/div>\n\t\t\t\t<div class=\"elementor-element elementor-element-62e9e12 elementor-widget elementor-widget-text-editor\" data-id=\"62e9e12\" data-element_type=\"widget\" data-settings=\"{&quot;wdt_animation_effect&quot;:&quot;none&quot;}\" data-widget_type=\"text-editor.default\">\n\t\t\t\t<div class=\"elementor-widget-container\">\n\t\t\t\t\t\t\t\t\t<p>\ud83d\udc49 <span style=\"color: #292929;\">Donnez vie \u00e0 votre projet d\u00e8s aujourd\u2019hui. <\/span>Ne laissez pas votre communication au hasard.<\/p>\t\t\t\t\t\t\t\t<\/div>\n\t\t\t\t<\/div>\n\t\t\t\t\t<\/div>\n\t\t<\/div>\n\t\t\t\t\t<\/div>\n\t\t<\/section>\n\t\t\t\t<section class=\"elementor-section elementor-inner-section elementor-element elementor-element-8f1d41e elementor-section-full_width elementor-section-height-default elementor-section-height-default\" data-id=\"8f1d41e\" data-element_type=\"section\" data-settings=\"{&quot;background_background&quot;:&quot;classic&quot;,&quot;wdt_bg_image&quot;:{&quot;url&quot;:&quot;&quot;,&quot;id&quot;:&quot;&quot;,&quot;size&quot;:&quot;&quot;},&quot;wdt_bg_image_laptop&quot;:{&quot;url&quot;:&quot;&quot;,&quot;id&quot;:&quot;&quot;,&quot;size&quot;:&quot;&quot;},&quot;wdt_bg_image_tablet_extra&quot;:{&quot;url&quot;:&quot;&quot;,&quot;id&quot;:&quot;&quot;,&quot;size&quot;:&quot;&quot;},&quot;wdt_bg_image_tablet&quot;:{&quot;url&quot;:&quot;&quot;,&quot;id&quot;:&quot;&quot;,&quot;size&quot;:&quot;&quot;},&quot;wdt_bg_image_mobile_extra&quot;:{&quot;url&quot;:&quot;&quot;,&quot;id&quot;:&quot;&quot;,&quot;size&quot;:&quot;&quot;},&quot;wdt_bg_image_mobile&quot;:{&quot;url&quot;:&quot;&quot;,&quot;id&quot;:&quot;&quot;,&quot;size&quot;:&quot;&quot;},&quot;wdt_bg_position&quot;:&quot;center center&quot;,&quot;wdt_animation_effect&quot;:&quot;none&quot;}\">\n\t\t\t\t\t\t<div class=\"elementor-container elementor-column-gap-no\">\n\t\t\t\t\t<div class=\"elementor-column elementor-col-100 elementor-inner-column elementor-element elementor-element-0c7fa37\" data-id=\"0c7fa37\" data-element_type=\"column\" data-settings=\"{&quot;background_background&quot;:&quot;classic&quot;}\">\n\t\t\t<div class=\"elementor-widget-wrap elementor-element-populated\">\n\t\t\t\t\t<div class=\"elementor-background-overlay\"><\/div>\n\t\t\t\t\t\t<div class=\"elementor-element elementor-element-002d11b elementor-widget__width-initial elementor-widget elementor-widget-text-editor\" data-id=\"002d11b\" data-element_type=\"widget\" data-settings=\"{&quot;wdt_animation_effect&quot;:&quot;none&quot;}\" data-widget_type=\"text-editor.default\">\n\t\t\t\t<div class=\"elementor-widget-container\">\n\t\t\t\t\t\t\t\t\t<h4>Exemples de demandes fr\u00e9quentes<\/h4>\t\t\t\t\t\t\t\t<\/div>\n\t\t\t\t<\/div>\n\t\t\t\t<div class=\"elementor-element elementor-element-e0f261d elementor-widget elementor-widget-text-editor\" data-id=\"e0f261d\" data-element_type=\"widget\" data-settings=\"{&quot;wdt_animation_effect&quot;:&quot;none&quot;}\" data-widget_type=\"text-editor.default\">\n\t\t\t\t<div class=\"elementor-widget-container\">\n\t\t\t\t\t\t\t\t\t<p>\ud83d\udc49 Votre demande ne figure pas ici ? Aucun souci : parlons-en, nous vous accompagnons dans tous vos projets de communication visuelle.<\/p>\t\t\t\t\t\t\t\t<\/div>\n\t\t\t\t<\/div>\n\t\t\t\t<div class=\"elementor-element elementor-element-63429e7 elementor-widget elementor-widget-text-editor\" data-id=\"63429e7\" data-element_type=\"widget\" data-settings=\"{&quot;wdt_animation_effect&quot;:&quot;none&quot;}\" data-widget_type=\"text-editor.default\">\n\t\t\t\t<div class=\"elementor-widget-container\">\n\t\t\t\t\t\t\t\t\t<p>\ud83d\udca1 Je souhaite r\u00e9aliser un covering (partiel ou total) sur mon v\u00e9hicule<br data-start=\"350\" data-end=\"353\" \/>\ud83d\udca1 J\u2019ai besoin d\u2019une enseigne ou d\u2019une signal\u00e9tique pour mon commerce<br \/>\ud83d\udca1 Je veux cr\u00e9er des supports print (cartes de visite, flyers, brochures\u2026)<br \/>\ud83d\udca1 Je souhaite habiller mes vitrages avec de la vitrophanie<br data-start=\"497\" data-end=\"500\" \/>\ud83d\udca1 J\u2019ai un \u00e9v\u00e9nement \u00e0 pr\u00e9parer (roll-up, kak\u00e9mono, stand\u2026)<br data-start=\"619\" data-end=\"622\" \/>\ud83d\udca1 J\u2019ai besoin d\u2019un accompagnement graphique pour mon image de marque<\/p>\t\t\t\t\t\t\t\t<\/div>\n\t\t\t\t<\/div>\n\t\t\t\t<div class=\"elementor-element elementor-element-3853e34 elementor-widget__width-initial elementor-invisible elementor-widget elementor-widget-wdt-button\" data-id=\"3853e34\" data-element_type=\"widget\" data-settings=\"{&quot;_animation&quot;:&quot;fadeInUp&quot;,&quot;_animation_delay&quot;:&quot;250&quot;,&quot;item_normal_background_background&quot;:&quot;classic&quot;,&quot;item_hover_background_background&quot;:&quot;classic&quot;,&quot;wdt_animation_effect&quot;:&quot;none&quot;}\" data-widget_type=\"wdt-button.default\">\n\t\t\t\t<div class=\"elementor-widget-container\">\n\t\t\t\t\t<div class=\"wdt-button-holder wdt-template-filled wdt-button-link wdt-button-style-default wdt-button-size-nm wdt-animation- wdt-button-icon-after\" id=\"wdt-button-3853e34\"><a class=\"wdt-button\" href=\"https:\/\/dropstyle.fr\/index.php\/faq\/\"><div class=\"wdt-button-text\"><span>Voir notre FAQ<\/span><\/div><\/a><\/div>\t\t\t\t<\/div>\n\t\t\t\t<\/div>\n\t\t\t\t\t<\/div>\n\t\t<\/div>\n\t\t\t\t\t<\/div>\n\t\t<\/section>\n\t\t\t\t\t<\/div>\n\t\t<\/div>\n\t\t\t\t\t<\/div>\n\t\t<\/section>\n\t\t\t\t<\/div>\n\t\t","protected":false},"excerpt":{"rendered":"<p>Parlons de votre projet Une id\u00e9e, un besoin ou un projet en t\u00eate ? Notre \u00e9quipe vous accompagne pour donner vie \u00e0 une communication \u00e0 votre image. &#8211; R\u00e9actifs &#8211; \u00c0 l\u2019\u00e9coute &#8211; Solutions sur-mesure \ud83d\udc49 Remplissez le formulaire ou contactez-nous directement. Pourquoi nous contacter ? Chez DropStyle, chaque projet est \u00e9tudi\u00e9 avec attention pour [&hellip;]<\/p>\n","protected":false},"author":1,"featured_media":0,"parent":0,"menu_order":0,"comment_status":"closed","ping_status":"closed","template":"elementor_header_footer","meta":{"footnotes":""},"class_list":["post-343","page","type-page","status-publish","hentry"],"_links":{"self":[{"href":"https:\/\/dropstyle.fr\/index.php\/wp-json\/wp\/v2\/pages\/343","targetHints":{"allow":["GET"]}}],"collection":[{"href":"https:\/\/dropstyle.fr\/index.php\/wp-json\/wp\/v2\/pages"}],"about":[{"href":"https:\/\/dropstyle.fr\/index.php\/wp-json\/wp\/v2\/types\/page"}],"author":[{"embeddable":true,"href":"https:\/\/dropstyle.fr\/index.php\/wp-json\/wp\/v2\/users\/1"}],"replies":[{"embeddable":true,"href":"https:\/\/dropstyle.fr\/index.php\/wp-json\/wp\/v2\/comments?post=343"}],"version-history":[{"count":56,"href":"https:\/\/dropstyle.fr\/index.php\/wp-json\/wp\/v2\/pages\/343\/revisions"}],"predecessor-version":[{"id":3709,"href":"https:\/\/dropstyle.fr\/index.php\/wp-json\/wp\/v2\/pages\/343\/revisions\/3709"}],"wp:attachment":[{"href":"https:\/\/dropstyle.fr\/index.php\/wp-json\/wp\/v2\/media?parent=343"}],"curies":[{"name":"wp","href":"https:\/\/api.w.org\/{rel}","templated":true}]}}